{"id":676,"date":"2025-02-13T12:34:48","date_gmt":"2025-02-13T15:34:48","guid":{"rendered":"https:\/\/gruporabbit.com.br\/digital\/aquarela\/?page_id=676"},"modified":"2025-09-15T11:39:15","modified_gmt":"2025-09-15T14:39:15","slug":"bercario","status":"publish","type":"page","link":"https:\/\/gruporabbit.com.br\/digital\/aquarela\/bercario\/","title":{"rendered":"Ber\u00e7ario"},"content":{"rendered":"\t\t<div data-elementor-type=\"wp-page\" data-elementor-id=\"676\" class=\"elementor elementor-676\" data-elementor-post-type=\"page\">\n\t\t\t\t<div class=\"elementor-element elementor-element-227a70a e-flex e-con-boxed e-con e-parent\" data-id=\"227a70a\" data-element_type=\"container\" data-settings=\"{&quot;background_background&quot;:&quot;classic&quot;,&quot;_ha_eqh_enable&quot;:false}\">\n\t\t\t\t\t<div class=\"e-con-inner\">\n\t\t\t\t<div class=\"elementor-element elementor-element-6db2541 elementor-icon-list--layout-inline elementor-align-center elementor-list-item-link-full_width elementor-widget elementor-widget-icon-list\" data-id=\"6db2541\" data-element_type=\"widget\" data-widget_type=\"icon-list.default\">\n\t\t\t\t<div class=\"elementor-widget-container\">\n\t\t\t\t\t<ul class=\"elementor-icon-list-items elementor-inline-items\">\n\t\t\t\t\t\t\t<li class=\"elementor-icon-list-item elementor-inline-item\">\n\t\t\t\t\t\t\t\t\t\t\t<a href=\"https:\/\/centroeducacionaldaribeira.com.br\/\">\n\n\t\t\t\t\t\t\t\t\t\t\t<span class=\"elementor-icon-list-text\">Home    \/<\/span>\n\t\t\t\t\t\t\t\t\t\t\t<\/a>\n\t\t\t\t\t\t\t\t\t<\/li>\n\t\t\t\t\t\t\t\t<li class=\"elementor-icon-list-item elementor-inline-item\">\n\t\t\t\t\t\t\t\t\t\t<span class=\"elementor-icon-list-text\">Segmento \/<\/span>\n\t\t\t\t\t\t\t\t\t<\/li>\n\t\t\t\t\t\t\t\t<li class=\"elementor-icon-list-item elementor-inline-item\">\n\t\t\t\t\t\t\t\t\t\t<span class=\"elementor-icon-list-text\">Ber\u00e7\u00e1rio<\/span>\n\t\t\t\t\t\t\t\t\t<\/li>\n\t\t\t\t\t\t<\/ul>\n\t\t\t\t<\/div>\n\t\t\t\t<\/div>\n\t\t\t\t<div class=\"elementor-element elementor-element-ea56374 elementor-widget elementor-widget-heading\" data-id=\"ea56374\" data-element_type=\"widget\" data-widget_type=\"heading.default\">\n\t\t\t\t<div class=\"elementor-widget-container\">\n\t\t\t<h2 class=\"elementor-heading-title elementor-size-default\">Ber\u00e7\u00e1rio<\/h2>\t\t<\/div>\n\t\t\t\t<\/div>\n\t\t\t\t<div class=\"elementor-element elementor-element-c3470cc elementor-widget elementor-widget-text-editor\" data-id=\"c3470cc\" data-element_type=\"widget\" data-widget_type=\"text-editor.default\">\n\t\t\t\t<div class=\"elementor-widget-container\">\n\t\t\t\t\t\t\t<div class=\"vc_col-sm-8 wpb_column column_container vc_column_container col child_column centered-text padding-2-percent\" data-padding-pos=\"left-right\" data-has-bg-color=\"false\" data-bg-color=\"\" data-bg-opacity=\"1\" data-animation=\"\" data-delay=\"0\"><div class=\"vc_column-inner\"><div class=\"wpb_wrapper\"><h3>Descubra o mundo com amor no Ber\u00e7\u00e1rio !<\/h3><\/div><\/div><\/div>\t\t\t\t\t\t<\/div>\n\t\t\t\t<\/div>\n\t\t\t\t\t<\/div>\n\t\t\t\t<\/div>\n\t\t<div class=\"elementor-element elementor-element-29ce9a2 e-flex e-con-boxed e-con e-parent\" data-id=\"29ce9a2\" data-element_type=\"container\" data-settings=\"{&quot;_ha_eqh_enable&quot;:false}\">\n\t\t\t\t\t<div class=\"e-con-inner\">\n\t\t<div class=\"elementor-element elementor-element-912800c e-con-full e-flex e-con e-child\" data-id=\"912800c\" data-element_type=\"container\" data-settings=\"{&quot;_ha_eqh_enable&quot;:false}\">\n\t\t\t\t<div class=\"elementor-element elementor-element-94503bc elementor-widget elementor-widget-image\" data-id=\"94503bc\" data-element_type=\"widget\" data-widget_type=\"image.default\">\n\t\t\t\t<div class=\"elementor-widget-container\">\n\t\t\t\t\t\t\t\t\t\t\t\t\t<img fetchpriority=\"high\" decoding=\"async\" width=\"500\" height=\"280\" src=\"https:\/\/gruporabbit.com.br\/digital\/aquarela\/wp-content\/uploads\/2025\/03\/bercario-1.jpg\" class=\"attachment-full size-full wp-image-1097\" alt=\"\" srcset=\"https:\/\/gruporabbit.com.br\/digital\/aquarela\/wp-content\/uploads\/2025\/03\/bercario-1.jpg 500w, https:\/\/gruporabbit.com.br\/digital\/aquarela\/wp-content\/uploads\/2025\/03\/bercario-1-300x168.jpg 300w\" sizes=\"(max-width: 500px) 100vw, 500px\" \/>\t\t\t\t\t\t\t\t\t\t\t\t\t<\/div>\n\t\t\t\t<\/div>\n\t\t\t\t<\/div>\n\t\t<div class=\"elementor-element elementor-element-9dded1c e-con-full elementor-hidden-tablet elementor-hidden-mobile e-flex e-con e-child\" data-id=\"9dded1c\" data-element_type=\"container\" data-settings=\"{&quot;background_background&quot;:&quot;classic&quot;,&quot;_ha_eqh_enable&quot;:false}\">\n\t\t\t\t<div class=\"elementor-element elementor-element-ecba1ea elementor-widget elementor-widget-text-editor\" data-id=\"ecba1ea\" data-element_type=\"widget\" data-widget_type=\"text-editor.default\">\n\t\t\t\t<div class=\"elementor-widget-container\">\n\t\t\t\t\t\t\t<p>Nosso espa\u00e7o n\u00e3o \u00e9 apenas um local para deixar os pequenos, \u00e9 um ambiente que compreende a import\u00e2ncia de estimular e acompanhar seu desenvolvimento. Com foco na psicomotricidade, socializa\u00e7\u00e3o e linguagem, nossas ber\u00e7anstas treinadas oferecem estimulos sensoriais e afetivos para um crescimento saud\u00e1vel, reconhecendo que cuidar \u00e9 essencial para educar, criando um vinculo de respeito e confian\u00e7a desde cedo<\/p>\t\t\t\t\t\t<\/div>\n\t\t\t\t<\/div>\n\t\t\t\t<\/div>\n\t\t\t\t\t<\/div>\n\t\t\t\t<\/div>\n\t\t\t\t<\/div>\n\t\t","protected":false},"excerpt":{"rendered":"<p>Home \/ Segmento \/ Ber\u00e7\u00e1rio Ber\u00e7\u00e1rio Descubra o mundo com amor no Ber\u00e7\u00e1rio ! Nosso espa\u00e7o n\u00e3o \u00e9 apenas um local para deixar os pequenos, \u00e9 um ambiente que compreende a import\u00e2ncia de estimular e acompanhar seu desenvolvimento. Com foco na psicomotricidade, socializa\u00e7\u00e3o e linguagem, nossas ber\u00e7anstas treinadas oferecem estimulos sensoriais e afetivos para um [&hellip;]<\/p>\n","protected":false},"author":1,"featured_media":0,"parent":0,"menu_order":0,"comment_status":"closed","ping_status":"closed","template":"","meta":{"_joinchat":[],"footnotes":""},"class_list":["post-676","page","type-page","status-publish","hentry"],"_links":{"self":[{"href":"https:\/\/gruporabbit.com.br\/digital\/aquarela\/wp-json\/wp\/v2\/pages\/676","targetHints":{"allow":["GET"]}}],"collection":[{"href":"https:\/\/gruporabbit.com.br\/digital\/aquarela\/wp-json\/wp\/v2\/pages"}],"about":[{"href":"https:\/\/gruporabbit.com.br\/digital\/aquarela\/wp-json\/wp\/v2\/types\/page"}],"author":[{"embeddable":true,"href":"https:\/\/gruporabbit.com.br\/digital\/aquarela\/wp-json\/wp\/v2\/users\/1"}],"replies":[{"embeddable":true,"href":"https:\/\/gruporabbit.com.br\/digital\/aquarela\/wp-json\/wp\/v2\/comments?post=676"}],"version-history":[{"count":34,"href":"https:\/\/gruporabbit.com.br\/digital\/aquarela\/wp-json\/wp\/v2\/pages\/676\/revisions"}],"predecessor-version":[{"id":5770,"href":"https:\/\/gruporabbit.com.br\/digital\/aquarela\/wp-json\/wp\/v2\/pages\/676\/revisions\/5770"}],"wp:attachment":[{"href":"https:\/\/gruporabbit.com.br\/digital\/aquarela\/wp-json\/wp\/v2\/media?parent=676"}],"curies":[{"name":"wp","href":"https:\/\/api.w.org\/{rel}","templated":true}]}}